{"id":61125,"date":"2021-06-13T18:11:57","date_gmt":"2021-06-13T18:11:57","guid":{"rendered":"https:\/\/wewantgreen.pt\/?page_id=35"},"modified":"2026-01-03T10:22:17","modified_gmt":"2026-01-03T10:22:17","slug":"sobre-nos","status":"publish","type":"page","link":"https:\/\/wewantgreen.pt\/fr\/sobre-nos\/","title":{"rendered":"Notre Philosophie"},"content":{"rendered":"<p>[et_pb_section fb_built=&#8221;1&#8243; admin_label=&#8221;Header&#8221; _builder_version=&#8221;4.23.1&#8243; _module_preset=&#8221;default&#8221; background_color=&#8221;gcid-44a2432d-0d5f-4936-b18e-1d8ff0643d31&#8243; collapsed=&#8221;on&#8221; global_colors_info=&#8221;{%22gcid-44a2432d-0d5f-4936-b18e-1d8ff0643d31%22:%91%22background_color%22%93}&#8221;][et_pb_row custom_padding_last_edited=&#8221;on|desktop&#8221; _builder_version=&#8221;4.25.0&#8243; _module_preset=&#8221;1d3f9321-64e9-4e88-8f3a-fb2275947cbb&#8221; background_image=&#8221;https:\/\/wewantgreen.pt\/wp-content\/uploads\/2024\/04\/IMG_3085.jpeg&#8221; custom_padding=&#8221;30px|30px|30px|30px|true|true&#8221; custom_padding_tablet=&#8221;30px|30px|30px|30px|true|true&#8221; custom_padding_phone=&#8221;20px|20px|20px|20px|true|true&#8221; global_colors_info=&#8221;{}&#8221;][et_pb_column type=&#8221;4_4&#8243; _builder_version=&#8221;4.23.1&#8243; _module_preset=&#8221;default&#8221; border_width_all=&#8221;2px&#8221; border_color_all=&#8221;gcid-44a2432d-0d5f-4936-b18e-1d8ff0643d31&#8243; global_colors_info=&#8221;{%22gcid-44a2432d-0d5f-4936-b18e-1d8ff0643d31%22:%91%22border_color_all%22%93}&#8221;][et_pb_text _builder_version=&#8221;4.23.2&#8243; _dynamic_attributes=&#8221;content&#8221; _module_preset=&#8221;776e2348-dd98-42c3-8d00-9f7d5aaa0646&#8243; text_font=&#8221;Playfair Display||||||||&#8221; text_text_color=&#8221;gcid-44a2432d-0d5f-4936-b18e-1d8ff0643d31&#8243; text_font_size=&#8221;3rem&#8221; header_font=&#8221;Playfair Display|700|||||||&#8221; header_text_color=&#8221;gcid-329bf2a0-2bc9-40c4-96ad-cacaec2a4af6&#8243; header_font_size=&#8221;72px&#8221; header_line_height=&#8221;1.2em&#8221; custom_padding=&#8221;5vh|5vw|5vh|5vw|true|true&#8221; header_font_size_tablet=&#8221;40px&#8221; header_font_size_phone=&#8221;24px&#8221; header_font_size_last_edited=&#8221;on|desktop&#8221; global_colors_info=&#8221;{%22gcid-329bf2a0-2bc9-40c4-96ad-cacaec2a4af6%22:%91%22header_text_color%22,%22header_text_color%22%93,%22gcid-44a2432d-0d5f-4936-b18e-1d8ff0643d31%22:%91%22text_text_color%22%93}&#8221;]@ET-DC@eyJkeW5hbWljIjp0cnVlLCJjb250ZW50IjoicG9zdF90aXRsZSIsInNldHRpbmdzIjp7ImJlZm9yZSI6IiIsImFmdGVyIjoiIn19@[\/et_pb_text][\/et_pb_column][\/et_pb_row][\/et_pb_section][et_pb_section fb_built=&#8221;1&#8243; admin_label=&#8221;About&#8221; _builder_version=&#8221;4.23.1&#8243; _module_preset=&#8221;default&#8221; background_color=&#8221;gcid-44a2432d-0d5f-4936-b18e-1d8ff0643d31&#8243; custom_padding=&#8221;1px|||||&#8221; collapsed=&#8221;off&#8221; global_colors_info=&#8221;{%22gcid-44a2432d-0d5f-4936-b18e-1d8ff0643d31%22:%91%22background_color%22%93}&#8221;][et_pb_row column_structure=&#8221;1_2,1_2&#8243; make_equal=&#8221;on&#8221; _builder_version=&#8221;4.25.0&#8243; _module_preset=&#8221;default&#8221; custom_padding=&#8221;||||false|false&#8221; global_colors_info=&#8221;{}&#8221;][et_pb_column type=&#8221;1_2&#8243; _builder_version=&#8221;4.23.2&#8243; _module_preset=&#8221;default&#8221; custom_padding=&#8221;0px||60px||false|false&#8221; custom_padding_tablet=&#8221;0px||0px||true|false&#8221; custom_padding_phone=&#8221;0px||0px||true|false&#8221; custom_padding_last_edited=&#8221;on|desktop&#8221; global_colors_info=&#8221;{}&#8221;][et_pb_text _builder_version=&#8221;4.27.5&#8243; _module_preset=&#8221;_initial&#8221; text_font=&#8221;Lato||||||||&#8221; text_font_size=&#8221;1rem&#8221; text_orientation=&#8221;justified&#8221; custom_margin=&#8221;0vh||||false|false&#8221; text_font_size_tablet=&#8221;1rem&#8221; text_font_size_phone=&#8221;1rem&#8221; text_font_size_last_edited=&#8221;on|phone&#8221; global_colors_info=&#8221;{}&#8221;]<strong>A NOSSA FILOSOFIA<\/strong><\/p>\n<p><strong>Viajar como forma de compreender um lugar<\/strong><\/p>\n<p>No We Want Green, acreditamos que viajar deve ser mais do que deslocar-se. \u00c9 uma forma de escutar, observar e criar liga\u00e7\u00e3o. Trabalhamos em territ\u00f3rios onde natureza, cultura e vida quotidiana est\u00e3o profundamente entrela\u00e7adas \u2014 lugares moldados pelo tempo, pelo uso e pela presen\u00e7a humana.<\/p>\n<p>Mais do que propor atividades, concebemos experi\u00eancias que ajudam a compreender como uma paisagem \u00e9 vivida \u2014 atrav\u00e9s do vinho, do caminhar, da conversa, dos momentos partilhados e dos encontros locais.<\/p>\n<p>Convidamo-lo a viajar de outra forma: a abrandar, a sentir o ritmo de um outro tempo e a descobrir significado para al\u00e9m da superf\u00edcie.[\/et_pb_text][\/et_pb_column][et_pb_column type=&#8221;1_2&#8243; _builder_version=&#8221;4.23.2&#8243; _module_preset=&#8221;default&#8221; background_image=&#8221;https:\/\/wewantgreen.pt\/staging\/wp-content\/uploads\/2023\/06\/IMG_1130.jpeg&#8221; global_colors_info=&#8221;{}&#8221;][et_pb_image src=&#8221;https:\/\/wewantgreen.pt\/wp-content\/uploads\/2024\/03\/IMG_2674.jpeg&#8221; title_text=&#8221;IMG_2674&#8243; _builder_version=&#8221;4.24.3&#8243; _module_preset=&#8221;default&#8221; global_colors_info=&#8221;{}&#8221;][\/et_pb_image][\/et_pb_column][\/et_pb_row][et_pb_row column_structure=&#8221;1_2,1_2&#8243; custom_padding_last_edited=&#8221;on|desktop&#8221; _builder_version=&#8221;4.23.1&#8243; _module_preset=&#8221;default&#8221; background_color=&#8221;gcid-329bf2a0-2bc9-40c4-96ad-cacaec2a4af6&#8243; custom_padding=&#8221;40px|40px|40px|40px|true|true&#8221; custom_padding_tablet=&#8221;30px|30px|30px|30px|true|true&#8221; custom_padding_phone=&#8221;20px|20px|20px|20px|true|true&#8221; global_colors_info=&#8221;{%22gcid-329bf2a0-2bc9-40c4-96ad-cacaec2a4af6%22:%91%22background_color%22%93}&#8221;][et_pb_column type=&#8221;1_2&#8243; _builder_version=&#8221;4.23.1&#8243; _module_preset=&#8221;default&#8221; global_colors_info=&#8221;{}&#8221;][et_pb_text _builder_version=&#8221;4.27.5&#8243; _module_preset=&#8221;_initial&#8221; header_4_font=&#8221;Istok Web|700|||||||&#8221; header_4_text_color=&#8221;gcid-44a2432d-0d5f-4936-b18e-1d8ff0643d31&#8243; header_4_font_size=&#8221;25px&#8221; header_4_line_height=&#8221;1.4em&#8221; custom_margin=&#8221;||10px||false|false&#8221; hover_enabled=&#8221;0&#8243; header_4_font_size_tablet=&#8221;16px&#8221; header_4_font_size_phone=&#8221;15px&#8221; header_4_font_size_last_edited=&#8221;on|desktop&#8221; global_colors_info=&#8221;{%22gcid-44a2432d-0d5f-4936-b18e-1d8ff0643d31%22:%91%22header_4_text_color%22%93}&#8221; sticky_enabled=&#8221;0&#8243;]<\/p>\n<h4>Quem Somos<\/h4>\n<p>[\/et_pb_text][et_pb_text _builder_version=&#8221;4.27.5&#8243; _module_preset=&#8221;_initial&#8221; text_font=&#8221;Lato||||||||&#8221; text_text_color=&#8221;gcid-44a2432d-0d5f-4936-b18e-1d8ff0643d31&#8243; text_font_size=&#8221;1rem&#8221; hover_enabled=&#8221;0&#8243; text_font_size_tablet=&#8221;15px&#8221; text_font_size_phone=&#8221;14px&#8221; text_font_size_last_edited=&#8221;on|desktop&#8221; global_colors_info=&#8221;{%22gcid-44a2432d-0d5f-4936-b18e-1d8ff0643d31%22:%91%22text_text_color%22%93}&#8221; sticky_enabled=&#8221;0&#8243;]<\/p>\n<p>We Want Green \u00e9 um pequeno projeto independente, sediado no Alto Minho, no norte de Portugal, que trabalha na conflu\u00eancia entre natureza, cultura e territ\u00f3rio.<\/p>\n<p>Colaboramos com pessoas locais, pequenos produtores e projetos familiares, criando experi\u00eancias para viajantes que valorizam profundidade, autenticidade e um verdadeiro sentido de lugar.<\/p>\n<p>O nosso trabalho \u00e9 guiado por uma convic\u00e7\u00e3o simples:<br \/>os lugares n\u00e3o existem para ser consumidos, mas para ser compreendidos \u2014 e viajar, quando feito com cuidado, pode ser uma forma de liga\u00e7\u00e3o e responsabilidade.<\/p>\n<p>[\/et_pb_text][\/et_pb_column][et_pb_column type=&#8221;1_2&#8243; _builder_version=&#8221;4.23.1&#8243; _module_preset=&#8221;default&#8221; global_colors_info=&#8221;{}&#8221;][et_pb_image src=&#8221;https:\/\/wewantgreen.pt\/wp-content\/uploads\/2024\/03\/IMG_2636.jpeg&#8221; title_text=&#8221;IMG_2636&#8243; align=&#8221;center&#8221; _builder_version=&#8221;4.27.5&#8243; _module_preset=&#8221;default&#8221; width=&#8221;100%&#8221; module_alignment=&#8221;center&#8221; hover_enabled=&#8221;0&#8243; border_radii=&#8221;on|50%|50%|50%|50%&#8221; border_width_all=&#8221;2px&#8221; border_color_all=&#8221;#FFF6E4&#8243; global_colors_info=&#8221;{}&#8221; sticky_enabled=&#8221;0&#8243;][\/et_pb_image][et_pb_social_media_follow icon_color=&#8221;gcid-44a2432d-0d5f-4936-b18e-1d8ff0643d31&#8243; use_icon_font_size=&#8221;on&#8221; icon_font_size=&#8221;20px&#8221; _builder_version=&#8221;4.23.2&#8243; _module_preset=&#8221;default&#8221; text_orientation=&#8221;center&#8221; border_radii=&#8221;on|0px|0px|0px|0px&#8221; border_width_top=&#8221;1px&#8221; border_color_top=&#8221;gcid-44a2432d-0d5f-4936-b18e-1d8ff0643d31&#8243; global_colors_info=&#8221;{%22gcid-44a2432d-0d5f-4936-b18e-1d8ff0643d31%22:%91%22icon_color%22,%22border_color_top%22%93}&#8221;][et_pb_social_media_follow_network social_network=&#8221;facebook&#8221; _builder_version=&#8221;4.23.2&#8243; _module_preset=&#8221;default&#8221; background_color=&#8221;RGBA(255,255,255,0)&#8221; background_enable_color=&#8221;on&#8221; global_colors_info=&#8221;{}&#8221; follow_button=&#8221;off&#8221; url_new_window=&#8221;on&#8221;]facebook[\/et_pb_social_media_follow_network][et_pb_social_media_follow_network social_network=&#8221;linkedin&#8221; _builder_version=&#8221;4.23.2&#8243; _module_preset=&#8221;default&#8221; background_color=&#8221;RGBA(255,255,255,0)&#8221; background_enable_color=&#8221;on&#8221; global_colors_info=&#8221;{}&#8221; follow_button=&#8221;off&#8221; url_new_window=&#8221;on&#8221;]linkedin[\/et_pb_social_media_follow_network][\/et_pb_social_media_follow][\/et_pb_column][\/et_pb_row][\/et_pb_section]<\/p>\n","protected":false},"excerpt":{"rendered":"<p>A NOSSA FILOSOFIA Viajar como forma de compreender um lugar No We Want Green, acreditamos que viajar deve ser mais do que deslocar-se. \u00c9 uma forma de escutar, observar e criar liga\u00e7\u00e3o. Trabalhamos em territ\u00f3rios onde natureza, cultura e vida quotidiana est\u00e3o profundamente entrela\u00e7adas \u2014 lugares moldados pelo tempo, pelo uso e pela presen\u00e7a humana. [&hellip;]<\/p>\n","protected":false},"author":1,"featured_media":0,"parent":0,"menu_order":0,"comment_status":"closed","ping_status":"closed","template":"","meta":{"_acf_changed":false,"_et_pb_use_builder":"on","_et_pb_old_content":"","_et_gb_content_width":"","footnotes":""},"class_list":["post-61125","page","type-page","status-publish","hentry"],"acf":[],"yoast_head":"<!-- This site is optimized with the Yoast SEO plugin v27.4 - https:\/\/yoast.com\/product\/yoast-seo-wordpress\/ -->\n<title>Sobre N\u00f3s | We Want Green<\/title>\n<meta name=\"robots\" content=\"index, follow, max-snippet:-1, max-image-preview:large, max-video-preview:-1\" \/>\n<link rel=\"canonical\" href=\"https:\/\/wewantgreen.pt\/fr\/sobre-nos\/\" \/>\n<meta property=\"og:locale\" content=\"fr_FR\" \/>\n<meta property=\"og:type\" content=\"article\" \/>\n<meta property=\"og:title\" content=\"Sobre N\u00f3s | We Want Green\" \/>\n<meta property=\"og:description\" content=\"A NOSSA FILOSOFIA Viajar como forma de compreender um lugar No We Want Green, acreditamos que viajar deve ser mais do que deslocar-se. \u00c9 uma forma de escutar, observar e criar liga\u00e7\u00e3o. Trabalhamos em territ\u00f3rios onde natureza, cultura e vida quotidiana est\u00e3o profundamente entrela\u00e7adas \u2014 lugares moldados pelo tempo, pelo uso e pela presen\u00e7a humana. [&hellip;]\" \/>\n<meta property=\"og:url\" content=\"https:\/\/wewantgreen.pt\/fr\/sobre-nos\/\" \/>\n<meta property=\"og:site_name\" content=\"We Want Green\" \/>\n<meta property=\"article:publisher\" content=\"https:\/\/www.facebook.com\/wewantgreen1\" \/>\n<meta property=\"article:modified_time\" content=\"2026-01-03T10:22:17+00:00\" \/>\n<meta property=\"og:image\" content=\"https:\/\/wewantgreen.pt\/wp-content\/uploads\/2025\/05\/WhatsApp-Image-2025-05-01-at-09.36.42.jpeg\" \/>\n\t<meta property=\"og:image:width\" content=\"2048\" \/>\n\t<meta property=\"og:image:height\" content=\"1152\" \/>\n\t<meta property=\"og:image:type\" content=\"image\/jpeg\" \/>\n<meta name=\"twitter:card\" content=\"summary_large_image\" \/>\n<meta name=\"twitter:label1\" content=\"Dur\u00e9e de lecture estim\u00e9e\" \/>\n\t<meta name=\"twitter:data1\" content=\"1 minute\" \/>\n<script type=\"application\/ld+json\" class=\"yoast-schema-graph\">{\"@context\":\"https:\\\/\\\/schema.org\",\"@graph\":[{\"@type\":\"WebPage\",\"@id\":\"https:\\\/\\\/wewantgreen.pt\\\/sobre-nos\\\/\",\"url\":\"https:\\\/\\\/wewantgreen.pt\\\/sobre-nos\\\/\",\"name\":\"Sobre N\u00f3s | We Want Green\",\"isPartOf\":{\"@id\":\"https:\\\/\\\/wewantgreen.pt\\\/#website\"},\"datePublished\":\"2021-06-13T18:11:57+00:00\",\"dateModified\":\"2026-01-03T10:22:17+00:00\",\"breadcrumb\":{\"@id\":\"https:\\\/\\\/wewantgreen.pt\\\/sobre-nos\\\/#breadcrumb\"},\"inLanguage\":\"fr-FR\",\"potentialAction\":[{\"@type\":\"ReadAction\",\"target\":[\"https:\\\/\\\/wewantgreen.pt\\\/sobre-nos\\\/\"]}]},{\"@type\":\"BreadcrumbList\",\"@id\":\"https:\\\/\\\/wewantgreen.pt\\\/sobre-nos\\\/#breadcrumb\",\"itemListElement\":[{\"@type\":\"ListItem\",\"position\":1,\"name\":\"Home\",\"item\":\"https:\\\/\\\/wewantgreen.pt\\\/\"},{\"@type\":\"ListItem\",\"position\":2,\"name\":\"Sobre N\u00f3s\"}]},{\"@type\":\"WebSite\",\"@id\":\"https:\\\/\\\/wewantgreen.pt\\\/#website\",\"url\":\"https:\\\/\\\/wewantgreen.pt\\\/\",\"name\":\"We Want Green\",\"description\":\"We Want Green \u00e9 desacelera\u00e7\u00e3o do movimento, \u00e9 promo\u00e7\u00e3o da viagem em passo lento.\",\"publisher\":{\"@id\":\"https:\\\/\\\/wewantgreen.pt\\\/#organization\"},\"alternateName\":\"WWG - Be a Transformative Mind\",\"potentialAction\":[{\"@type\":\"SearchAction\",\"target\":{\"@type\":\"EntryPoint\",\"urlTemplate\":\"https:\\\/\\\/wewantgreen.pt\\\/?s={search_term_string}\"},\"query-input\":{\"@type\":\"PropertyValueSpecification\",\"valueRequired\":true,\"valueName\":\"search_term_string\"}}],\"inLanguage\":\"fr-FR\"},{\"@type\":\"Organization\",\"@id\":\"https:\\\/\\\/wewantgreen.pt\\\/#organization\",\"name\":\"We Want Green - Be a Transformative Mind\",\"url\":\"https:\\\/\\\/wewantgreen.pt\\\/\",\"logo\":{\"@type\":\"ImageObject\",\"inLanguage\":\"fr-FR\",\"@id\":\"https:\\\/\\\/wewantgreen.pt\\\/#\\\/schema\\\/logo\\\/image\\\/\",\"url\":\"https:\\\/\\\/wewantgreen.pt\\\/wp-content\\\/uploads\\\/2025\\\/01\\\/logo_www_2025_1.png\",\"contentUrl\":\"https:\\\/\\\/wewantgreen.pt\\\/wp-content\\\/uploads\\\/2025\\\/01\\\/logo_www_2025_1.png\",\"width\":850,\"height\":400,\"caption\":\"We Want Green - Be a Transformative Mind\"},\"image\":{\"@id\":\"https:\\\/\\\/wewantgreen.pt\\\/#\\\/schema\\\/logo\\\/image\\\/\"},\"sameAs\":[\"https:\\\/\\\/www.facebook.com\\\/wewantgreen1\",\"https:\\\/\\\/www.instagram.com\\\/wewantgreen1\\\/\"]}]}<\/script>\n<!-- \/ Yoast SEO plugin. -->","yoast_head_json":{"title":"Sobre N\u00f3s | We Want Green","robots":{"index":"index","follow":"follow","max-snippet":"max-snippet:-1","max-image-preview":"max-image-preview:large","max-video-preview":"max-video-preview:-1"},"canonical":"https:\/\/wewantgreen.pt\/fr\/sobre-nos\/","og_locale":"fr_FR","og_type":"article","og_title":"Sobre N\u00f3s | We Want Green","og_description":"A NOSSA FILOSOFIA Viajar como forma de compreender um lugar No We Want Green, acreditamos que viajar deve ser mais do que deslocar-se. \u00c9 uma forma de escutar, observar e criar liga\u00e7\u00e3o. Trabalhamos em territ\u00f3rios onde natureza, cultura e vida quotidiana est\u00e3o profundamente entrela\u00e7adas \u2014 lugares moldados pelo tempo, pelo uso e pela presen\u00e7a humana. [&hellip;]","og_url":"https:\/\/wewantgreen.pt\/fr\/sobre-nos\/","og_site_name":"We Want Green","article_publisher":"https:\/\/www.facebook.com\/wewantgreen1","article_modified_time":"2026-01-03T10:22:17+00:00","og_image":[{"width":2048,"height":1152,"url":"https:\/\/wewantgreen.pt\/wp-content\/uploads\/2025\/05\/WhatsApp-Image-2025-05-01-at-09.36.42.jpeg","type":"image\/jpeg"}],"twitter_card":"summary_large_image","twitter_misc":{"Dur\u00e9e de lecture estim\u00e9e":"1 minute"},"schema":{"@context":"https:\/\/schema.org","@graph":[{"@type":"WebPage","@id":"https:\/\/wewantgreen.pt\/sobre-nos\/","url":"https:\/\/wewantgreen.pt\/sobre-nos\/","name":"Sobre N\u00f3s | We Want Green","isPartOf":{"@id":"https:\/\/wewantgreen.pt\/#website"},"datePublished":"2021-06-13T18:11:57+00:00","dateModified":"2026-01-03T10:22:17+00:00","breadcrumb":{"@id":"https:\/\/wewantgreen.pt\/sobre-nos\/#breadcrumb"},"inLanguage":"fr-FR","potentialAction":[{"@type":"ReadAction","target":["https:\/\/wewantgreen.pt\/sobre-nos\/"]}]},{"@type":"BreadcrumbList","@id":"https:\/\/wewantgreen.pt\/sobre-nos\/#breadcrumb","itemListElement":[{"@type":"ListItem","position":1,"name":"Home","item":"https:\/\/wewantgreen.pt\/"},{"@type":"ListItem","position":2,"name":"Sobre N\u00f3s"}]},{"@type":"WebSite","@id":"https:\/\/wewantgreen.pt\/#website","url":"https:\/\/wewantgreen.pt\/","name":"We Want Green","description":"We Want Green parle de ralentir le mouvement, de voyager \u00e0 un rythme lent.","publisher":{"@id":"https:\/\/wewantgreen.pt\/#organization"},"alternateName":"WWG - Be a Transformative Mind","potentialAction":[{"@type":"SearchAction","target":{"@type":"EntryPoint","urlTemplate":"https:\/\/wewantgreen.pt\/?s={search_term_string}"},"query-input":{"@type":"PropertyValueSpecification","valueRequired":true,"valueName":"search_term_string"}}],"inLanguage":"fr-FR"},{"@type":"Organization","@id":"https:\/\/wewantgreen.pt\/#organization","name":"Nous voulons du vert - Sois un esprit transformateur","url":"https:\/\/wewantgreen.pt\/","logo":{"@type":"ImageObject","inLanguage":"fr-FR","@id":"https:\/\/wewantgreen.pt\/#\/schema\/logo\/image\/","url":"https:\/\/wewantgreen.pt\/wp-content\/uploads\/2025\/01\/logo_www_2025_1.png","contentUrl":"https:\/\/wewantgreen.pt\/wp-content\/uploads\/2025\/01\/logo_www_2025_1.png","width":850,"height":400,"caption":"We Want Green - Be a Transformative Mind"},"image":{"@id":"https:\/\/wewantgreen.pt\/#\/schema\/logo\/image\/"},"sameAs":["https:\/\/www.facebook.com\/wewantgreen1","https:\/\/www.instagram.com\/wewantgreen1\/"]}]}},"_links":{"self":[{"href":"https:\/\/wewantgreen.pt\/fr\/wp-json\/wp\/v2\/pages\/61125","targetHints":{"allow":["GET"]}}],"collection":[{"href":"https:\/\/wewantgreen.pt\/fr\/wp-json\/wp\/v2\/pages"}],"about":[{"href":"https:\/\/wewantgreen.pt\/fr\/wp-json\/wp\/v2\/types\/page"}],"author":[{"embeddable":true,"href":"https:\/\/wewantgreen.pt\/fr\/wp-json\/wp\/v2\/users\/1"}],"replies":[{"embeddable":true,"href":"https:\/\/wewantgreen.pt\/fr\/wp-json\/wp\/v2\/comments?post=61125"}],"version-history":[{"count":7,"href":"https:\/\/wewantgreen.pt\/fr\/wp-json\/wp\/v2\/pages\/61125\/revisions"}],"predecessor-version":[{"id":63509,"href":"https:\/\/wewantgreen.pt\/fr\/wp-json\/wp\/v2\/pages\/61125\/revisions\/63509"}],"wp:attachment":[{"href":"https:\/\/wewantgreen.pt\/fr\/wp-json\/wp\/v2\/media?parent=61125"}],"curies":[{"name":"wp","href":"https:\/\/api.w.org\/{rel}","templated":true}]}}