{"id":46627,"date":"2021-06-23T16:25:37","date_gmt":"2021-06-23T16:25:37","guid":{"rendered":"https:\/\/wewantgreen.pt\/finalizar-compra\/"},"modified":"2021-06-23T16:25:37","modified_gmt":"2021-06-23T16:25:37","slug":"finalizar-compra","status":"publish","type":"page","link":"https:\/\/wewantgreen.pt\/fr\/finalizar-compra\/","title":{"rendered":"Checkout"},"content":{"rendered":"\n[et_pb_section][et_pb_row][et_pb_column type=&#8221;4_4&#8243;][et_pb_text]<!-- divi:shortcode -->\n[woocommerce_checkout]\n<!-- \/divi:shortcode -->[\/et_pb_text][\/et_pb_column][\/et_pb_row][\/et_pb_section]\n","protected":false},"excerpt":{"rendered":"<p><div class=\"et_pb_section et_pb_section_0 et_section_regular\" >\n\t\t\t\t\n\t\t\t\t\n\t\t\t\t\n\t\t\t\t\n\t\t\t\t\n\t\t\t\t\n\t\t\t\t\n\t\t\t\t\n\t\t\t\t\n\t\t\t<\/div><div class=\"et_pb_row et_pb_row_0 et_pb_row_empty\">\n\t\t\t\t\n\t\t\t\t\n\t\t\t\t\n\t\t\t\t\n\t\t\t\t\n\t\t\t<\/div><div class=\"et_pb_module et_pb_text et_pb_text_0  et_pb_text_align_left et_pb_bg_layout_light\">\n\t\t\t\t\n\t\t\t\t\n\t\t\t\t\n\t\t\t\t\n\t\t\t\t\n\t\t\t<\/div> [woocommerce_checkout]<\/p>\n","protected":false},"author":1,"featured_media":0,"parent":0,"menu_order":0,"comment_status":"closed","ping_status":"closed","template":"","meta":{"_acf_changed":false,"_et_pb_use_builder":"on","_et_pb_old_content":"<!-- wp:shortcode -->\n[woocommerce_checkout]\n<!-- \/wp:shortcode -->","_et_gb_content_width":"1080","footnotes":""},"class_list":["post-46627","page","type-page","status-publish","hentry"],"acf":[],"yoast_head":"<!-- This site is optimized with the Yoast SEO plugin v27.4 - https:\/\/yoast.com\/product\/yoast-seo-wordpress\/ -->\n<title>Finalizar compras | We Want Green<\/title>\n<meta name=\"robots\" content=\"index, follow, max-snippet:-1, max-image-preview:large, max-video-preview:-1\" \/>\n<link rel=\"canonical\" href=\"https:\/\/wewantgreen.pt\/fr\/finalizar-compra\/\" \/>\n<meta property=\"og:locale\" content=\"fr_FR\" \/>\n<meta property=\"og:type\" content=\"article\" \/>\n<meta property=\"og:title\" content=\"Finalizar compras | We Want Green\" \/>\n<meta property=\"og:description\" content=\"[woocommerce_checkout]\" \/>\n<meta property=\"og:url\" content=\"https:\/\/wewantgreen.pt\/fr\/finalizar-compra\/\" \/>\n<meta property=\"og:site_name\" content=\"We Want Green\" \/>\n<meta property=\"article:publisher\" content=\"https:\/\/www.facebook.com\/wewantgreen1\" \/>\n<meta property=\"og:image\" content=\"https:\/\/wewantgreen.pt\/wp-content\/uploads\/2025\/05\/WhatsApp-Image-2025-05-01-at-09.36.42.jpeg\" \/>\n\t<meta property=\"og:image:width\" content=\"2048\" \/>\n\t<meta property=\"og:image:height\" content=\"1152\" \/>\n\t<meta property=\"og:image:type\" content=\"image\/jpeg\" \/>\n<meta name=\"twitter:card\" content=\"summary_large_image\" \/>\n<script type=\"application\/ld+json\" class=\"yoast-schema-graph\">{\"@context\":\"https:\\\/\\\/schema.org\",\"@graph\":[{\"@type\":\"WebPage\",\"@id\":\"https:\\\/\\\/wewantgreen.pt\\\/finalizar-compra\\\/\",\"url\":\"https:\\\/\\\/wewantgreen.pt\\\/finalizar-compra\\\/\",\"name\":\"Finalizar compras | We Want Green\",\"isPartOf\":{\"@id\":\"https:\\\/\\\/wewantgreen.pt\\\/#website\"},\"datePublished\":\"2021-06-23T16:25:37+00:00\",\"breadcrumb\":{\"@id\":\"https:\\\/\\\/wewantgreen.pt\\\/finalizar-compra\\\/#breadcrumb\"},\"inLanguage\":\"fr-FR\",\"potentialAction\":[{\"@type\":\"ReadAction\",\"target\":[\"https:\\\/\\\/wewantgreen.pt\\\/finalizar-compra\\\/\"]}]},{\"@type\":\"BreadcrumbList\",\"@id\":\"https:\\\/\\\/wewantgreen.pt\\\/finalizar-compra\\\/#breadcrumb\",\"itemListElement\":[{\"@type\":\"ListItem\",\"position\":1,\"name\":\"Home\",\"item\":\"https:\\\/\\\/wewantgreen.pt\\\/\"},{\"@type\":\"ListItem\",\"position\":2,\"name\":\"Finalizar compras\"}]},{\"@type\":\"WebSite\",\"@id\":\"https:\\\/\\\/wewantgreen.pt\\\/#website\",\"url\":\"https:\\\/\\\/wewantgreen.pt\\\/\",\"name\":\"We Want Green\",\"description\":\"We Want Green \u00e9 desacelera\u00e7\u00e3o do movimento, \u00e9 promo\u00e7\u00e3o da viagem em passo lento.\",\"publisher\":{\"@id\":\"https:\\\/\\\/wewantgreen.pt\\\/#organization\"},\"alternateName\":\"WWG - Be a Transformative Mind\",\"potentialAction\":[{\"@type\":\"SearchAction\",\"target\":{\"@type\":\"EntryPoint\",\"urlTemplate\":\"https:\\\/\\\/wewantgreen.pt\\\/?s={search_term_string}\"},\"query-input\":{\"@type\":\"PropertyValueSpecification\",\"valueRequired\":true,\"valueName\":\"search_term_string\"}}],\"inLanguage\":\"fr-FR\"},{\"@type\":\"Organization\",\"@id\":\"https:\\\/\\\/wewantgreen.pt\\\/#organization\",\"name\":\"We Want Green - Be a Transformative Mind\",\"url\":\"https:\\\/\\\/wewantgreen.pt\\\/\",\"logo\":{\"@type\":\"ImageObject\",\"inLanguage\":\"fr-FR\",\"@id\":\"https:\\\/\\\/wewantgreen.pt\\\/#\\\/schema\\\/logo\\\/image\\\/\",\"url\":\"https:\\\/\\\/wewantgreen.pt\\\/wp-content\\\/uploads\\\/2025\\\/01\\\/logo_www_2025_1.png\",\"contentUrl\":\"https:\\\/\\\/wewantgreen.pt\\\/wp-content\\\/uploads\\\/2025\\\/01\\\/logo_www_2025_1.png\",\"width\":850,\"height\":400,\"caption\":\"We Want Green - Be a Transformative Mind\"},\"image\":{\"@id\":\"https:\\\/\\\/wewantgreen.pt\\\/#\\\/schema\\\/logo\\\/image\\\/\"},\"sameAs\":[\"https:\\\/\\\/www.facebook.com\\\/wewantgreen1\",\"https:\\\/\\\/www.instagram.com\\\/wewantgreen1\\\/\"]}]}<\/script>\n<!-- \/ Yoast SEO plugin. -->","yoast_head_json":{"title":"Finalizar compras | We Want Green","robots":{"index":"index","follow":"follow","max-snippet":"max-snippet:-1","max-image-preview":"max-image-preview:large","max-video-preview":"max-video-preview:-1"},"canonical":"https:\/\/wewantgreen.pt\/fr\/finalizar-compra\/","og_locale":"fr_FR","og_type":"article","og_title":"Finalizar compras | We Want Green","og_description":"[woocommerce_checkout]","og_url":"https:\/\/wewantgreen.pt\/fr\/finalizar-compra\/","og_site_name":"We Want Green","article_publisher":"https:\/\/www.facebook.com\/wewantgreen1","og_image":[{"width":2048,"height":1152,"url":"https:\/\/wewantgreen.pt\/wp-content\/uploads\/2025\/05\/WhatsApp-Image-2025-05-01-at-09.36.42.jpeg","type":"image\/jpeg"}],"twitter_card":"summary_large_image","schema":{"@context":"https:\/\/schema.org","@graph":[{"@type":"WebPage","@id":"https:\/\/wewantgreen.pt\/finalizar-compra\/","url":"https:\/\/wewantgreen.pt\/finalizar-compra\/","name":"Finalizar compras | We Want Green","isPartOf":{"@id":"https:\/\/wewantgreen.pt\/#website"},"datePublished":"2021-06-23T16:25:37+00:00","breadcrumb":{"@id":"https:\/\/wewantgreen.pt\/finalizar-compra\/#breadcrumb"},"inLanguage":"fr-FR","potentialAction":[{"@type":"ReadAction","target":["https:\/\/wewantgreen.pt\/finalizar-compra\/"]}]},{"@type":"BreadcrumbList","@id":"https:\/\/wewantgreen.pt\/finalizar-compra\/#breadcrumb","itemListElement":[{"@type":"ListItem","position":1,"name":"Home","item":"https:\/\/wewantgreen.pt\/"},{"@type":"ListItem","position":2,"name":"Finalizar compras"}]},{"@type":"WebSite","@id":"https:\/\/wewantgreen.pt\/#website","url":"https:\/\/wewantgreen.pt\/","name":"We Want Green","description":"We Want Green parle de ralentir le mouvement, de voyager \u00e0 un rythme lent.","publisher":{"@id":"https:\/\/wewantgreen.pt\/#organization"},"alternateName":"WWG - Be a Transformative Mind","potentialAction":[{"@type":"SearchAction","target":{"@type":"EntryPoint","urlTemplate":"https:\/\/wewantgreen.pt\/?s={search_term_string}"},"query-input":{"@type":"PropertyValueSpecification","valueRequired":true,"valueName":"search_term_string"}}],"inLanguage":"fr-FR"},{"@type":"Organization","@id":"https:\/\/wewantgreen.pt\/#organization","name":"Nous voulons du vert - Sois un esprit transformateur","url":"https:\/\/wewantgreen.pt\/","logo":{"@type":"ImageObject","inLanguage":"fr-FR","@id":"https:\/\/wewantgreen.pt\/#\/schema\/logo\/image\/","url":"https:\/\/wewantgreen.pt\/wp-content\/uploads\/2025\/01\/logo_www_2025_1.png","contentUrl":"https:\/\/wewantgreen.pt\/wp-content\/uploads\/2025\/01\/logo_www_2025_1.png","width":850,"height":400,"caption":"We Want Green - Be a Transformative Mind"},"image":{"@id":"https:\/\/wewantgreen.pt\/#\/schema\/logo\/image\/"},"sameAs":["https:\/\/www.facebook.com\/wewantgreen1","https:\/\/www.instagram.com\/wewantgreen1\/"]}]}},"_links":{"self":[{"href":"https:\/\/wewantgreen.pt\/fr\/wp-json\/wp\/v2\/pages\/46627","targetHints":{"allow":["GET"]}}],"collection":[{"href":"https:\/\/wewantgreen.pt\/fr\/wp-json\/wp\/v2\/pages"}],"about":[{"href":"https:\/\/wewantgreen.pt\/fr\/wp-json\/wp\/v2\/types\/page"}],"author":[{"embeddable":true,"href":"https:\/\/wewantgreen.pt\/fr\/wp-json\/wp\/v2\/users\/1"}],"replies":[{"embeddable":true,"href":"https:\/\/wewantgreen.pt\/fr\/wp-json\/wp\/v2\/comments?post=46627"}],"version-history":[{"count":0,"href":"https:\/\/wewantgreen.pt\/fr\/wp-json\/wp\/v2\/pages\/46627\/revisions"}],"wp:attachment":[{"href":"https:\/\/wewantgreen.pt\/fr\/wp-json\/wp\/v2\/media?parent=46627"}],"curies":[{"name":"wp","href":"https:\/\/api.w.org\/{rel}","templated":true}]}}