{"id":61127,"date":"2021-06-13T20:35:35","date_gmt":"2021-06-13T20:35:35","guid":{"rendered":"https:\/\/wewantgreen.pt\/?page_id=53"},"modified":"2021-06-13T20:35:35","modified_gmt":"2021-06-13T20:35:35","slug":"galeria","status":"publish","type":"page","link":"https:\/\/wewantgreen.pt\/es\/galeria\/","title":{"rendered":"Galer\u00eda"},"content":{"rendered":"<p>[et_pb_section fb_built=&#8221;1&#8243; admin_label=&#8221;Header&#8221; _builder_version=&#8221;4.23.1&#8243; _module_preset=&#8221;default&#8221; background_color=&#8221;gcid-44a2432d-0d5f-4936-b18e-1d8ff0643d31&#8243; collapsed=&#8221;on&#8221; global_colors_info=&#8221;{%22gcid-44a2432d-0d5f-4936-b18e-1d8ff0643d31%22:%91%22background_color%22%93}&#8221; theme_builder_area=&#8221;post_content&#8221;][et_pb_row custom_padding_last_edited=&#8221;on|desktop&#8221; _builder_version=&#8221;4.23.2&#8243; _module_preset=&#8221;default&#8221; background_image=&#8221;https:\/\/wewantgreen.pt\/staging\/wp-content\/uploads\/2023\/04\/2EC071AD-16AE-416F-9A63-80931F1FF824-scaled.jpeg&#8221; custom_padding=&#8221;30px|30px|30px|30px|true|true&#8221; custom_padding_tablet=&#8221;30px|30px|30px|30px|true|true&#8221; custom_padding_phone=&#8221;20px|20px|20px|20px|true|true&#8221; hover_enabled=&#8221;0&#8243; global_colors_info=&#8221;{}&#8221; theme_builder_area=&#8221;post_content&#8221; title_text=&#8221;2EC071AD-16AE-416F-9A63-80931F1FF824&#8243; sticky_enabled=&#8221;0&#8243;][et_pb_column type=&#8221;4_4&#8243; _builder_version=&#8221;4.23.1&#8243; _module_preset=&#8221;default&#8221; border_width_all=&#8221;2px&#8221; border_color_all=&#8221;gcid-44a2432d-0d5f-4936-b18e-1d8ff0643d31&#8243; global_colors_info=&#8221;{%22gcid-44a2432d-0d5f-4936-b18e-1d8ff0643d31%22:%91%22border_color_all%22%93}&#8221; theme_builder_area=&#8221;post_content&#8221;][et_pb_text _builder_version=&#8221;4.23.2&#8243; _dynamic_attributes=&#8221;content&#8221; _module_preset=&#8221;_initial&#8221; text_font=&#8221;Playfair Display||||||||&#8221; text_text_color=&#8221;gcid-44a2432d-0d5f-4936-b18e-1d8ff0643d31&#8243; text_font_size=&#8221;3rem&#8221; header_font=&#8221;Playfair Display|700|||||||&#8221; header_text_color=&#8221;gcid-329bf2a0-2bc9-40c4-96ad-cacaec2a4af6&#8243; header_font_size=&#8221;72px&#8221; header_line_height=&#8221;1.2em&#8221; custom_padding=&#8221;5vh|5vw|5vh|5vw|true|true&#8221; header_font_size_tablet=&#8221;40px&#8221; header_font_size_phone=&#8221;24px&#8221; header_font_size_last_edited=&#8221;on|desktop&#8221; global_colors_info=&#8221;{%22gcid-329bf2a0-2bc9-40c4-96ad-cacaec2a4af6%22:%91%22header_text_color%22,%22header_text_color%22%93,%22gcid-44a2432d-0d5f-4936-b18e-1d8ff0643d31%22:%91%22text_text_color%22%93}&#8221; theme_builder_area=&#8221;post_content&#8221;]@ET-DC@eyJkeW5hbWljIjp0cnVlLCJjb250ZW50IjoicG9zdF90aXRsZSIsInNldHRpbmdzIjp7ImJlZm9yZSI6IiIsImFmdGVyIjoiIn19@[\/et_pb_text][\/et_pb_column][\/et_pb_row][\/et_pb_section][et_pb_section fb_built=&#8221;1&#8243; admin_label=&#8221;Header&#8221; _builder_version=&#8221;4.23.1&#8243; _module_preset=&#8221;default&#8221; background_color=&#8221;gcid-44a2432d-0d5f-4936-b18e-1d8ff0643d31&#8243; collapsed=&#8221;on&#8221; global_colors_info=&#8221;{%22gcid-44a2432d-0d5f-4936-b18e-1d8ff0643d31%22:%91%22background_color%22%93}&#8221; theme_builder_area=&#8221;post_content&#8221;][et_pb_row custom_padding_last_edited=&#8221;on|desktop&#8221; _builder_version=&#8221;4.23.2&#8243; _module_preset=&#8221;default&#8221; custom_padding=&#8221;30px|30px|30px|30px|true|true&#8221; custom_padding_tablet=&#8221;30px|30px|30px|30px|true|true&#8221; custom_padding_phone=&#8221;20px|20px|20px|20px|true|true&#8221; hover_enabled=&#8221;0&#8243; global_colors_info=&#8221;{}&#8221; theme_builder_area=&#8221;post_content&#8221; background_enable_image=&#8221;off&#8221; sticky_enabled=&#8221;0&#8243; use_custom_gutter=&#8221;on&#8221; gutter_width=&#8221;1&#8243;][et_pb_column type=&#8221;4_4&#8243; _builder_version=&#8221;4.23.1&#8243; _module_preset=&#8221;default&#8221; border_width_all=&#8221;2px&#8221; border_color_all=&#8221;gcid-44a2432d-0d5f-4936-b18e-1d8ff0643d31&#8243; global_colors_info=&#8221;{%22gcid-44a2432d-0d5f-4936-b18e-1d8ff0643d31%22:%91%22border_color_all%22%93}&#8221; theme_builder_area=&#8221;post_content&#8221;][et_pb_gallery gallery_ids=&#8221;48168,48167,46545,49201,49357,49383,46576,48156,49202,47434,48856,50678,51298,52482,52953,52956,55201,55435,55400,54845&#8243; posts_number=&#8221;24&#8243; show_title_and_caption=&#8221;off&#8221; zoom_icon_color=&#8221;#1f4931&#8243; hover_overlay_color=&#8221;rgba(255,255,255,0.73)&#8221; hover_icon=&#8221;&#x30;||divi||400&#8243; admin_label=&#8221;Gallery&#8221; _builder_version=&#8221;4.23.2&#8243; _module_preset=&#8221;default&#8221; title_text_align=&#8221;center&#8221; title_font_size=&#8221;1rem&#8221; caption_font_size=&#8221;1rem&#8221; pagination_font=&#8221;Noto Sans|700|||||||&#8221; pagination_text_color=&#8221;#648D2E&#8221; pagination_font_size=&#8221;1rem&#8221; custom_padding=&#8221;0vh||0vh||true|false&#8221; hover_enabled=&#8221;0&#8243; border_width_all_image=&#8221;1px&#8221; border_color_all_image=&#8221;#FFFFFF&#8221; box_shadow_style_image=&#8221;preset1&#8243; box_shadow_vertical_image=&#8221;0px&#8221; box_shadow_blur_image=&#8221;0px&#8221; box_shadow_color_image=&#8221;#000000&#8243; global_colors_info=&#8221;{}&#8221; box_shadow_horizontal_image__hover_enabled=&#8221;on|hover&#8221; box_shadow_vertical_image__hover_enabled=&#8221;on|hover&#8221; box_shadow_vertical_image__hover=&#8221;2px&#8221; box_shadow_blur_image__hover_enabled=&#8221;on|hover&#8221; box_shadow_blur_image__hover=&#8221;18px&#8221; box_shadow_color_image__hover_enabled=&#8221;on|desktop&#8221; child_filter_saturate__hover_enabled=&#8221;on|hover&#8221; child_filter_saturate__hover=&#8221;100%&#8221; box_shadow_color_image__hover=&#8221;#000000&#8243; theme_builder_area=&#8221;post_content&#8221; sticky_enabled=&#8221;0&#8243;][\/et_pb_gallery][\/et_pb_column][\/et_pb_row][\/et_pb_section]<\/p>\n","protected":false},"excerpt":{"rendered":"","protected":false},"author":1,"featured_media":0,"parent":0,"menu_order":0,"comment_status":"closed","ping_status":"closed","template":"","meta":{"_acf_changed":false,"_et_pb_use_builder":"on","_et_pb_old_content":"","_et_gb_content_width":"","footnotes":""},"class_list":["post-61127","page","type-page","status-publish","hentry"],"acf":[],"yoast_head":"<!-- This site is optimized with the Yoast SEO plugin v27.4 - https:\/\/yoast.com\/product\/yoast-seo-wordpress\/ -->\n<title>Galeria | We Want Green<\/title>\n<meta name=\"robots\" content=\"index, follow, max-snippet:-1, max-image-preview:large, max-video-preview:-1\" \/>\n<link rel=\"canonical\" href=\"https:\/\/wewantgreen.pt\/es\/galeria\/\" \/>\n<meta property=\"og:locale\" content=\"es_ES\" \/>\n<meta property=\"og:type\" content=\"article\" \/>\n<meta property=\"og:title\" content=\"Galeria | We Want Green\" \/>\n<meta property=\"og:url\" content=\"https:\/\/wewantgreen.pt\/es\/galeria\/\" \/>\n<meta property=\"og:site_name\" content=\"We Want Green\" \/>\n<meta property=\"article:publisher\" content=\"https:\/\/www.facebook.com\/wewantgreen1\" \/>\n<meta property=\"og:image\" content=\"https:\/\/wewantgreen.pt\/wp-content\/uploads\/2025\/05\/WhatsApp-Image-2025-05-01-at-09.36.42.jpeg\" \/>\n\t<meta property=\"og:image:width\" content=\"2048\" \/>\n\t<meta property=\"og:image:height\" content=\"1152\" \/>\n\t<meta property=\"og:image:type\" content=\"image\/jpeg\" \/>\n<meta name=\"twitter:card\" content=\"summary_large_image\" \/>\n<meta name=\"twitter:label1\" content=\"Tiempo de lectura\" \/>\n\t<meta name=\"twitter:data1\" content=\"3 minutos\" \/>\n<script type=\"application\/ld+json\" class=\"yoast-schema-graph\">{\"@context\":\"https:\\\/\\\/schema.org\",\"@graph\":[{\"@type\":\"WebPage\",\"@id\":\"https:\\\/\\\/wewantgreen.pt\\\/galeria\\\/\",\"url\":\"https:\\\/\\\/wewantgreen.pt\\\/galeria\\\/\",\"name\":\"Galeria | We Want Green\",\"isPartOf\":{\"@id\":\"https:\\\/\\\/wewantgreen.pt\\\/#website\"},\"datePublished\":\"2021-06-13T20:35:35+00:00\",\"breadcrumb\":{\"@id\":\"https:\\\/\\\/wewantgreen.pt\\\/galeria\\\/#breadcrumb\"},\"inLanguage\":\"es\",\"potentialAction\":[{\"@type\":\"ReadAction\",\"target\":[\"https:\\\/\\\/wewantgreen.pt\\\/galeria\\\/\"]}]},{\"@type\":\"BreadcrumbList\",\"@id\":\"https:\\\/\\\/wewantgreen.pt\\\/galeria\\\/#breadcrumb\",\"itemListElement\":[{\"@type\":\"ListItem\",\"position\":1,\"name\":\"Home\",\"item\":\"https:\\\/\\\/wewantgreen.pt\\\/\"},{\"@type\":\"ListItem\",\"position\":2,\"name\":\"Galeria\"}]},{\"@type\":\"WebSite\",\"@id\":\"https:\\\/\\\/wewantgreen.pt\\\/#website\",\"url\":\"https:\\\/\\\/wewantgreen.pt\\\/\",\"name\":\"We Want Green\",\"description\":\"We Want Green \u00e9 desacelera\u00e7\u00e3o do movimento, \u00e9 promo\u00e7\u00e3o da viagem em passo lento.\",\"publisher\":{\"@id\":\"https:\\\/\\\/wewantgreen.pt\\\/#organization\"},\"alternateName\":\"WWG - Be a Transformative Mind\",\"potentialAction\":[{\"@type\":\"SearchAction\",\"target\":{\"@type\":\"EntryPoint\",\"urlTemplate\":\"https:\\\/\\\/wewantgreen.pt\\\/?s={search_term_string}\"},\"query-input\":{\"@type\":\"PropertyValueSpecification\",\"valueRequired\":true,\"valueName\":\"search_term_string\"}}],\"inLanguage\":\"es\"},{\"@type\":\"Organization\",\"@id\":\"https:\\\/\\\/wewantgreen.pt\\\/#organization\",\"name\":\"We Want Green - Be a Transformative Mind\",\"url\":\"https:\\\/\\\/wewantgreen.pt\\\/\",\"logo\":{\"@type\":\"ImageObject\",\"inLanguage\":\"es\",\"@id\":\"https:\\\/\\\/wewantgreen.pt\\\/#\\\/schema\\\/logo\\\/image\\\/\",\"url\":\"https:\\\/\\\/wewantgreen.pt\\\/wp-content\\\/uploads\\\/2025\\\/01\\\/logo_www_2025_1.png\",\"contentUrl\":\"https:\\\/\\\/wewantgreen.pt\\\/wp-content\\\/uploads\\\/2025\\\/01\\\/logo_www_2025_1.png\",\"width\":850,\"height\":400,\"caption\":\"We Want Green - Be a Transformative Mind\"},\"image\":{\"@id\":\"https:\\\/\\\/wewantgreen.pt\\\/#\\\/schema\\\/logo\\\/image\\\/\"},\"sameAs\":[\"https:\\\/\\\/www.facebook.com\\\/wewantgreen1\",\"https:\\\/\\\/www.instagram.com\\\/wewantgreen1\\\/\"]}]}<\/script>\n<!-- \/ Yoast SEO plugin. -->","yoast_head_json":{"title":"Galeria | We Want Green","robots":{"index":"index","follow":"follow","max-snippet":"max-snippet:-1","max-image-preview":"max-image-preview:large","max-video-preview":"max-video-preview:-1"},"canonical":"https:\/\/wewantgreen.pt\/es\/galeria\/","og_locale":"es_ES","og_type":"article","og_title":"Galeria | We Want Green","og_url":"https:\/\/wewantgreen.pt\/es\/galeria\/","og_site_name":"We Want Green","article_publisher":"https:\/\/www.facebook.com\/wewantgreen1","og_image":[{"width":2048,"height":1152,"url":"https:\/\/wewantgreen.pt\/wp-content\/uploads\/2025\/05\/WhatsApp-Image-2025-05-01-at-09.36.42.jpeg","type":"image\/jpeg"}],"twitter_card":"summary_large_image","twitter_misc":{"Tiempo de lectura":"3 minutos"},"schema":{"@context":"https:\/\/schema.org","@graph":[{"@type":"WebPage","@id":"https:\/\/wewantgreen.pt\/galeria\/","url":"https:\/\/wewantgreen.pt\/galeria\/","name":"Galeria | We Want Green","isPartOf":{"@id":"https:\/\/wewantgreen.pt\/#website"},"datePublished":"2021-06-13T20:35:35+00:00","breadcrumb":{"@id":"https:\/\/wewantgreen.pt\/galeria\/#breadcrumb"},"inLanguage":"es","potentialAction":[{"@type":"ReadAction","target":["https:\/\/wewantgreen.pt\/galeria\/"]}]},{"@type":"BreadcrumbList","@id":"https:\/\/wewantgreen.pt\/galeria\/#breadcrumb","itemListElement":[{"@type":"ListItem","position":1,"name":"Home","item":"https:\/\/wewantgreen.pt\/"},{"@type":"ListItem","position":2,"name":"Galeria"}]},{"@type":"WebSite","@id":"https:\/\/wewantgreen.pt\/#website","url":"https:\/\/wewantgreen.pt\/","name":"We Want Green","description":"Queremos Verde trata de ralentizar el movimiento, de viajar a un ritmo m\u00e1s lento.","publisher":{"@id":"https:\/\/wewantgreen.pt\/#organization"},"alternateName":"WWG - Be a Transformative Mind","potentialAction":[{"@type":"SearchAction","target":{"@type":"EntryPoint","urlTemplate":"https:\/\/wewantgreen.pt\/?s={search_term_string}"},"query-input":{"@type":"PropertyValueSpecification","valueRequired":true,"valueName":"search_term_string"}}],"inLanguage":"es"},{"@type":"Organization","@id":"https:\/\/wewantgreen.pt\/#organization","name":"Queremos Verde - S\u00e9 una Mente Transformadora","url":"https:\/\/wewantgreen.pt\/","logo":{"@type":"ImageObject","inLanguage":"es","@id":"https:\/\/wewantgreen.pt\/#\/schema\/logo\/image\/","url":"https:\/\/wewantgreen.pt\/wp-content\/uploads\/2025\/01\/logo_www_2025_1.png","contentUrl":"https:\/\/wewantgreen.pt\/wp-content\/uploads\/2025\/01\/logo_www_2025_1.png","width":850,"height":400,"caption":"We Want Green - Be a Transformative Mind"},"image":{"@id":"https:\/\/wewantgreen.pt\/#\/schema\/logo\/image\/"},"sameAs":["https:\/\/www.facebook.com\/wewantgreen1","https:\/\/www.instagram.com\/wewantgreen1\/"]}]}},"_links":{"self":[{"href":"https:\/\/wewantgreen.pt\/es\/wp-json\/wp\/v2\/pages\/61127","targetHints":{"allow":["GET"]}}],"collection":[{"href":"https:\/\/wewantgreen.pt\/es\/wp-json\/wp\/v2\/pages"}],"about":[{"href":"https:\/\/wewantgreen.pt\/es\/wp-json\/wp\/v2\/types\/page"}],"author":[{"embeddable":true,"href":"https:\/\/wewantgreen.pt\/es\/wp-json\/wp\/v2\/users\/1"}],"replies":[{"embeddable":true,"href":"https:\/\/wewantgreen.pt\/es\/wp-json\/wp\/v2\/comments?post=61127"}],"version-history":[{"count":0,"href":"https:\/\/wewantgreen.pt\/es\/wp-json\/wp\/v2\/pages\/61127\/revisions"}],"wp:attachment":[{"href":"https:\/\/wewantgreen.pt\/es\/wp-json\/wp\/v2\/media?parent=61127"}],"curies":[{"name":"wp","href":"https:\/\/api.w.org\/{rel}","templated":true}]}}