{"id":46628,"date":"2021-06-23T16:25:37","date_gmt":"2021-06-23T16:25:37","guid":{"rendered":"https:\/\/wewantgreen.pt\/minha-conta\/"},"modified":"2021-06-23T16:25:37","modified_gmt":"2021-06-23T16:25:37","slug":"minha-conta","status":"publish","type":"page","link":"https:\/\/wewantgreen.pt\/en_gb\/minha-conta\/","title":{"rendered":"My account"},"content":{"rendered":"<p>[et_pb_section fb_built=&#8221;1&#8243; _builder_version=&#8221;4.16&#8243; global_colors_info=&#8221;{}&#8221;][et_pb_row _builder_version=&#8221;4.16&#8243; background_size=&#8221;initial&#8221; background_position=&#8221;top_left&#8221; background_repeat=&#8221;repeat&#8221; global_colors_info=&#8221;{}&#8221;][et_pb_column type=&#8221;4_4&#8243; _builder_version=&#8221;4.16&#8243; custom_padding=&#8221;|||&#8221; global_colors_info=&#8221;{}&#8221; custom_padding__hover=&#8221;|||&#8221;][et_pb_text _builder_version=&#8221;4.16.0&#8243; text_font=&#8221;|600|||||||&#8221; text_font_size=&#8221;1.1em&#8221; background_size=&#8221;initial&#8221; background_position=&#8221;top_left&#8221; background_repeat=&#8221;repeat&#8221; custom_padding=&#8221;2vh|2vw|2vh|2vw|true|true&#8221; hover_enabled=&#8221;0&#8243; border_width_all=&#8221;2px&#8221; border_color_all=&#8221;#648D2E&#8221; box_shadow_style=&#8221;preset1&#8243; global_colors_info=&#8221;{}&#8221; text_text_color=&#8221;#648D2E&#8221; sticky_enabled=&#8221;0&#8243;]<\/p>\n<p><!-- divi:shortcode --><br \/>[woocommerce_my_account]<br \/><!-- \/divi:shortcode --><\/p>\n<p>[\/et_pb_text][\/et_pb_column][\/et_pb_row][\/et_pb_section]<\/p>\n","protected":false},"excerpt":{"rendered":"<p>[woocommerce_my_account]<\/p>\n","protected":false},"author":1,"featured_media":0,"parent":0,"menu_order":0,"comment_status":"closed","ping_status":"closed","template":"","meta":{"_acf_changed":false,"_et_pb_use_builder":"on","_et_pb_old_content":"<!-- wp:shortcode -->\n[woocommerce_my_account]\n<!-- \/wp:shortcode -->","_et_gb_content_width":"","footnotes":""},"class_list":["post-46628","page","type-page","status-publish","hentry"],"acf":[],"yoast_head":"<!-- This site is optimized with the Yoast SEO plugin v27.3 - https:\/\/yoast.com\/product\/yoast-seo-wordpress\/ -->\n<title>A minha conta | We Want Green<\/title>\n<meta name=\"robots\" content=\"index, follow, max-snippet:-1, max-image-preview:large, max-video-preview:-1\" \/>\n<link rel=\"canonical\" href=\"https:\/\/wewantgreen.pt\/en_gb\/minha-conta\/\" \/>\n<meta property=\"og:locale\" content=\"en_GB\" \/>\n<meta property=\"og:type\" content=\"article\" \/>\n<meta property=\"og:title\" content=\"A minha conta | We Want Green\" \/>\n<meta property=\"og:description\" content=\"[woocommerce_my_account]\" \/>\n<meta property=\"og:url\" content=\"https:\/\/wewantgreen.pt\/en_gb\/minha-conta\/\" \/>\n<meta property=\"og:site_name\" content=\"We Want Green\" \/>\n<meta property=\"article:publisher\" content=\"https:\/\/www.facebook.com\/wewantgreen1\" \/>\n<meta property=\"og:image\" content=\"https:\/\/wewantgreen.pt\/wp-content\/uploads\/2025\/05\/WhatsApp-Image-2025-05-01-at-09.36.42.jpeg\" \/>\n\t<meta property=\"og:image:width\" content=\"2048\" \/>\n\t<meta property=\"og:image:height\" content=\"1152\" \/>\n\t<meta property=\"og:image:type\" content=\"image\/jpeg\" \/>\n<meta name=\"twitter:card\" content=\"summary_large_image\" \/>\n<meta name=\"twitter:label1\" content=\"Estimated reading time\" \/>\n\t<meta name=\"twitter:data1\" content=\"1 minute\" \/>\n<script type=\"application\/ld+json\" class=\"yoast-schema-graph\">{\"@context\":\"https:\\\/\\\/schema.org\",\"@graph\":[{\"@type\":\"WebPage\",\"@id\":\"https:\\\/\\\/wewantgreen.pt\\\/minha-conta\\\/\",\"url\":\"https:\\\/\\\/wewantgreen.pt\\\/minha-conta\\\/\",\"name\":\"A minha conta | We Want Green\",\"isPartOf\":{\"@id\":\"https:\\\/\\\/wewantgreen.pt\\\/#website\"},\"datePublished\":\"2021-06-23T16:25:37+00:00\",\"breadcrumb\":{\"@id\":\"https:\\\/\\\/wewantgreen.pt\\\/minha-conta\\\/#breadcrumb\"},\"inLanguage\":\"en-GB\",\"potentialAction\":[{\"@type\":\"ReadAction\",\"target\":[\"https:\\\/\\\/wewantgreen.pt\\\/minha-conta\\\/\"]}]},{\"@type\":\"BreadcrumbList\",\"@id\":\"https:\\\/\\\/wewantgreen.pt\\\/minha-conta\\\/#breadcrumb\",\"itemListElement\":[{\"@type\":\"ListItem\",\"position\":1,\"name\":\"Home\",\"item\":\"https:\\\/\\\/wewantgreen.pt\\\/\"},{\"@type\":\"ListItem\",\"position\":2,\"name\":\"A minha conta\"}]},{\"@type\":\"WebSite\",\"@id\":\"https:\\\/\\\/wewantgreen.pt\\\/#website\",\"url\":\"https:\\\/\\\/wewantgreen.pt\\\/\",\"name\":\"We Want Green\",\"description\":\"We Want Green \u00e9 desacelera\u00e7\u00e3o do movimento, \u00e9 promo\u00e7\u00e3o da viagem em passo lento.\",\"publisher\":{\"@id\":\"https:\\\/\\\/wewantgreen.pt\\\/#organization\"},\"alternateName\":\"WWG - Be a Transformative Mind\",\"potentialAction\":[{\"@type\":\"SearchAction\",\"target\":{\"@type\":\"EntryPoint\",\"urlTemplate\":\"https:\\\/\\\/wewantgreen.pt\\\/?s={search_term_string}\"},\"query-input\":{\"@type\":\"PropertyValueSpecification\",\"valueRequired\":true,\"valueName\":\"search_term_string\"}}],\"inLanguage\":\"en-GB\"},{\"@type\":\"Organization\",\"@id\":\"https:\\\/\\\/wewantgreen.pt\\\/#organization\",\"name\":\"We Want Green - Be a Transformative Mind\",\"url\":\"https:\\\/\\\/wewantgreen.pt\\\/\",\"logo\":{\"@type\":\"ImageObject\",\"inLanguage\":\"en-GB\",\"@id\":\"https:\\\/\\\/wewantgreen.pt\\\/#\\\/schema\\\/logo\\\/image\\\/\",\"url\":\"https:\\\/\\\/wewantgreen.pt\\\/wp-content\\\/uploads\\\/2025\\\/01\\\/logo_www_2025_1.png\",\"contentUrl\":\"https:\\\/\\\/wewantgreen.pt\\\/wp-content\\\/uploads\\\/2025\\\/01\\\/logo_www_2025_1.png\",\"width\":850,\"height\":400,\"caption\":\"We Want Green - Be a Transformative Mind\"},\"image\":{\"@id\":\"https:\\\/\\\/wewantgreen.pt\\\/#\\\/schema\\\/logo\\\/image\\\/\"},\"sameAs\":[\"https:\\\/\\\/www.facebook.com\\\/wewantgreen1\",\"https:\\\/\\\/www.instagram.com\\\/wewantgreen1\\\/\"]}]}<\/script>\n<!-- \/ Yoast SEO plugin. -->","yoast_head_json":{"title":"A minha conta | We Want Green","robots":{"index":"index","follow":"follow","max-snippet":"max-snippet:-1","max-image-preview":"max-image-preview:large","max-video-preview":"max-video-preview:-1"},"canonical":"https:\/\/wewantgreen.pt\/en_gb\/minha-conta\/","og_locale":"en_GB","og_type":"article","og_title":"A minha conta | We Want Green","og_description":"[woocommerce_my_account]","og_url":"https:\/\/wewantgreen.pt\/en_gb\/minha-conta\/","og_site_name":"We Want Green","article_publisher":"https:\/\/www.facebook.com\/wewantgreen1","og_image":[{"width":2048,"height":1152,"url":"https:\/\/wewantgreen.pt\/wp-content\/uploads\/2025\/05\/WhatsApp-Image-2025-05-01-at-09.36.42.jpeg","type":"image\/jpeg"}],"twitter_card":"summary_large_image","twitter_misc":{"Estimated reading time":"1 minute"},"schema":{"@context":"https:\/\/schema.org","@graph":[{"@type":"WebPage","@id":"https:\/\/wewantgreen.pt\/minha-conta\/","url":"https:\/\/wewantgreen.pt\/minha-conta\/","name":"A minha conta | We Want Green","isPartOf":{"@id":"https:\/\/wewantgreen.pt\/#website"},"datePublished":"2021-06-23T16:25:37+00:00","breadcrumb":{"@id":"https:\/\/wewantgreen.pt\/minha-conta\/#breadcrumb"},"inLanguage":"en-GB","potentialAction":[{"@type":"ReadAction","target":["https:\/\/wewantgreen.pt\/minha-conta\/"]}]},{"@type":"BreadcrumbList","@id":"https:\/\/wewantgreen.pt\/minha-conta\/#breadcrumb","itemListElement":[{"@type":"ListItem","position":1,"name":"Home","item":"https:\/\/wewantgreen.pt\/"},{"@type":"ListItem","position":2,"name":"A minha conta"}]},{"@type":"WebSite","@id":"https:\/\/wewantgreen.pt\/#website","url":"https:\/\/wewantgreen.pt\/","name":"We Want Green","description":"We Want Green is about slowing down the movement, about travelling at a slow pace.","publisher":{"@id":"https:\/\/wewantgreen.pt\/#organization"},"alternateName":"WWG - Be a Transformative Mind","potentialAction":[{"@type":"SearchAction","target":{"@type":"EntryPoint","urlTemplate":"https:\/\/wewantgreen.pt\/?s={search_term_string}"},"query-input":{"@type":"PropertyValueSpecification","valueRequired":true,"valueName":"search_term_string"}}],"inLanguage":"en-GB"},{"@type":"Organization","@id":"https:\/\/wewantgreen.pt\/#organization","name":"We Want Green - Be a Transformative Mind","url":"https:\/\/wewantgreen.pt\/","logo":{"@type":"ImageObject","inLanguage":"en-GB","@id":"https:\/\/wewantgreen.pt\/#\/schema\/logo\/image\/","url":"https:\/\/wewantgreen.pt\/wp-content\/uploads\/2025\/01\/logo_www_2025_1.png","contentUrl":"https:\/\/wewantgreen.pt\/wp-content\/uploads\/2025\/01\/logo_www_2025_1.png","width":850,"height":400,"caption":"We Want Green - Be a Transformative Mind"},"image":{"@id":"https:\/\/wewantgreen.pt\/#\/schema\/logo\/image\/"},"sameAs":["https:\/\/www.facebook.com\/wewantgreen1","https:\/\/www.instagram.com\/wewantgreen1\/"]}]}},"_links":{"self":[{"href":"https:\/\/wewantgreen.pt\/en_gb\/wp-json\/wp\/v2\/pages\/46628","targetHints":{"allow":["GET"]}}],"collection":[{"href":"https:\/\/wewantgreen.pt\/en_gb\/wp-json\/wp\/v2\/pages"}],"about":[{"href":"https:\/\/wewantgreen.pt\/en_gb\/wp-json\/wp\/v2\/types\/page"}],"author":[{"embeddable":true,"href":"https:\/\/wewantgreen.pt\/en_gb\/wp-json\/wp\/v2\/users\/1"}],"replies":[{"embeddable":true,"href":"https:\/\/wewantgreen.pt\/en_gb\/wp-json\/wp\/v2\/comments?post=46628"}],"version-history":[{"count":0,"href":"https:\/\/wewantgreen.pt\/en_gb\/wp-json\/wp\/v2\/pages\/46628\/revisions"}],"wp:attachment":[{"href":"https:\/\/wewantgreen.pt\/en_gb\/wp-json\/wp\/v2\/media?parent=46628"}],"curies":[{"name":"wp","href":"https:\/\/api.w.org\/{rel}","templated":true}]}}